{"id":436,"date":"2020-08-23T17:19:11","date_gmt":"2020-08-23T15:19:11","guid":{"rendered":"http:\/\/www.dominic-c.fr\/?page_id=436"},"modified":"2021-03-21T03:57:23","modified_gmt":"2021-03-21T02:57:23","slug":"shop","status":"publish","type":"page","link":"https:\/\/www.dominic-c.fr\/index.php\/shop\/","title":{"rendered":"Shop"},"content":{"rendered":"[vc_row row_type=&#8221;qubackcolorfull&#8221;][vc_column][wr_vc_sliders][wr_vc_slider title=&#8221;SUPPORT MY ARTWORK!&#8221; sub_title=&#8221;Click the box below&#8221; color=&#8221;#000000&#8243; image=&#8221;661&#8243;][\/wr_vc_sliders][\/vc_column][\/vc_row][vc_row wr_section_layout=&#8221;section_grid&#8221; wr_default_pad=&#8221;section-padding&#8221;][vc_column width=&#8221;2\/12&#8243;][\/vc_column][vc_column width=&#8221;8\/12&#8243;]<div class=\"profile-index animate-box  text-justify\" data-animate-effect=\"fadeInUp\"><div class=\"annie-about-me\">\n<h6 style=\"font-size: 16px;\"><span style=\"color: #808080;\"><strong>Wall Art<\/strong>: You may shop for my artwork based on themed collections. Each image may be purchased as a canvas print, framed print, metal print, and more! Every purchase comes with a 30-day money-back guarantee!<\/span><\/h6>\n<h6><span style=\"color: #808080;\"><strong>Books<\/strong>: I&#8217;ve been working on 2 coffee table books so far and you may pre-order them on <a style=\"color: #808080;\" href=\"https:\/\/www.patreon.com\/dominiccphotography\"><strong>Patreon<\/strong><\/a>.<\/span><\/h6>\n<h6><span style=\"color: #808080;\"><strong>Photo table<\/strong>: I recently had the idea to conceive a special photo table, with the help from a few friends in Bali. Do note hesitate to inquire about its <strong><a style=\"color: #808080;\" href=\"http:\/\/www.dominic-c.fr\/index.php\/contact\/\"><span style=\"color: #000000;\">product catalogue<\/span><\/a><\/strong>.<\/span><\/h6>\n<hr \/>\n<h6><em><span style=\"color: #808080;\"><strong>Art mural<\/strong> : Vous avez la possibilit\u00e9 de commander mes photographies &#8211; class\u00e9es par th\u00e8mes. Chaque image peut \u00eatre achet\u00e9e sous forme de tirage sur toile ou m\u00e9tal, encadr\u00e9 ou non, et plus encore ! Chaque achat est assorti d&#8217;une garantie de remboursement de 30 jours !<\/span><\/em><\/h6>\n<h6><em><span style=\"color: #808080;\"><strong>Livres<\/strong> : Je travaille actuellement sur 2 livres, que vous pouvez pr\u00e9-commander d\u00e8s maintenant sur <a style=\"color: #808080;\" href=\"https:\/\/www.patreon.com\/dominiccphotography\"><strong>Patreon<\/strong><\/a>.<\/span><\/em><\/h6>\n<h6><span style=\"color: #808080;\"><em><strong>Table photo<\/strong> : J&#8217;ai r\u00e9\u00e7emment eu l&#8217;id\u00e9e de concevoir une table photo, avec l&#8217;aide de quelques amis \u00e0 Bali. N&#8217;h\u00e9sitez donc pas \u00e0 me demander sa <a href=\"http:\/\/www.dominic-c.fr\/index.php\/contact\/\"><span style=\"color: #808080;\"><strong>fiche-produit<\/strong><\/span><\/a>.<\/em><\/span><\/h6>\n<\/div><\/div>[\/vc_column][vc_column width=&#8221;2\/12&#8243;][\/vc_column][\/vc_row][vc_row][vc_column][vc_hoverbox image=&#8221;1152&#8243; primary_title=&#8221;&#8221; primary_title_font_container=&#8221;font_size:5&#8243; hover_title=&#8221;Support My Artwork | Soutenez mon travail&#8221; hover_title_font_container=&#8221;font_size:5&#8243; el_width=&#8221;80&#8243; primary_title_link=&#8221;url:https%3A%2F%2Fdominic-clarisse.pixels.com%2F|title:TEST||&#8221; hover_title_link=&#8221;url:https%3A%2F%2Fwww.dominic-clarisse.pixels.com%2F|title:TESt||&#8221;]\n<h4><span style=\"color: #c25c21;\"><a style=\"color: #c25c21;\" href=\"https:\/\/dominic-clarisse.pixels.com\/\" target=\"_blank\" rel=\"noopener noreferrer\">Visit my eShop now&#8230; <\/a><\/span><\/h4>\n<h4><em><span style=\"color: #c25c21;\"><a style=\"color: #c25c21;\" href=\"https:\/\/dominic-clarisse.pixels.com\/\" target=\"_blank\" rel=\"noopener noreferrer\">Visitez ma page eCommerce d\u00e8s maintenant&#8230; <\/a><\/span><\/em><\/h4>\n[\/vc_hoverbox][\/vc_column][\/vc_row][vc_row][vc_column][vc_hoverbox image=&#8221;1154&#8243; primary_title=&#8221;&#8221; primary_title_font_container=&#8221;font_size:5&#8243; hover_title=&#8221;Support My Artwork | Soutenez mon travail&#8221; el_width=&#8221;80&#8243;]\n<h4><span style=\"color: #c25c21;\"><a style=\"color: #c25c21;\" href=\"http:\/\/www.dominic-c.fr\/index.php\/2021\/01\/03\/sirens\/\" target=\"_blank\" rel=\"noopener noreferrer\">Pre-order &#8216;Sirens&#8217; now&#8230; <\/a><\/span><\/h4>\n<h4><em><span style=\"color: #c25c21;\"><a style=\"color: #c25c21;\" href=\"http:\/\/www.dominic-c.fr\/index.php\/2021\/01\/03\/sirens\/\" target=\"_blank\" rel=\"noopener noreferrer\">Pr\u00e9-commandez &#8220;Sirens&#8221; d\u00e8s maintenant&#8230;<\/a><\/span><\/em><\/h4>\n[\/vc_hoverbox][\/vc_column][\/vc_row][vc_row][vc_column][vc_hoverbox image=&#8221;1156&#8243; primary_title=&#8221;&#8221; primary_title_font_container=&#8221;font_size:5&#8243; hover_title=&#8221;Support My Artwork | Soutenez mon travail&#8221; el_width=&#8221;80&#8243;]\n<h4><span style=\"color: #c25c21;\"><a style=\"color: #c25c21;\" href=\"https:\/\/www.patreon.com\/dominiccphotography\" target=\"_blank\" rel=\"noopener noreferrer\">Pre-order &#8216;Sensual &amp; Nubile&#8217; now&#8230; <\/a><\/span><\/h4>\n<h4><em><span style=\"color: #c25c21;\"><a style=\"color: #c25c21;\" href=\"https:\/\/www.patreon.com\/dominiccphotography\" target=\"_blank\" rel=\"noopener noreferrer\">Pr\u00e9-commandez &#8220;Sensual &amp; Nubile&#8221; d\u00e8s maintenant&#8230; <\/a><\/span><\/em><\/h4>\n[\/vc_hoverbox][\/vc_column][\/vc_row][vc_row][vc_column][vc_hoverbox image=&#8221;1158&#8243; primary_title=&#8221;&#8221; primary_title_font_container=&#8221;font_size:5&#8243; hover_title=&#8221;Support My Artwork | Soutenez mon travail&#8221; el_width=&#8221;80&#8243;]\n<h4><span style=\"color: #c25c21;\"><a style=\"color: #c25c21;\" href=\"http:\/\/www.dominic-c.fr\/index.php\/portfolio\/photo-coffee-tables\/\" target=\"_blank\" rel=\"noopener noreferrer\">Order my photo table now&#8230; <\/a><\/span><\/h4>\n<h4><em><span style=\"color: #c25c21;\"><a style=\"color: #c25c21;\" href=\"http:\/\/www.dominic-c.fr\/index.php\/portfolio\/photo-coffee-tables\/\" target=\"_blank\" rel=\"noopener noreferrer\">Commandez ma table photo d\u00e8s maintenant&#8230; <\/a><\/span><\/em><\/h4>\n[\/vc_hoverbox][\/vc_column][\/vc_row]\n","protected":false},"excerpt":{"rendered":"<p>[vc_row row_type=&#8221;qubackcolorfull&#8221;][vc_column][wr_vc_sliders][wr_vc_slider title=&#8221;SUPPORT MY ARTWORK!&#8221; sub_title=&#8221;Click the box below&#8221; color=&#8221;#000000&#8243; image=&#8221;661&#8243;][\/wr_vc_sliders][\/vc_column][\/vc_row][vc_row wr_section_layout=&#8221;section_grid&#8221; wr_default_pad=&#8221;section-padding&#8221;][vc_column width=&#8221;2\/12&#8243;][\/vc_column][vc_column width=&#8221;8\/12&#8243;][\/vc_column][vc_column width=&#8221;2\/12&#8243;][\/vc_column][\/vc_row][vc_row][vc_column][vc_hoverbox image=&#8221;1152&#8243; primary_title=&#8221;&#8221; primary_title_font_container=&#8221;font_size:5&#8243; hover_title=&#8221;Support My Artwork | Soutenez mon travail&#8221; hover_title_font_container=&#8221;font_size:5&#8243; el_width=&#8221;80&#8243; primary_title_link=&#8221;url:https%3A%2F%2Fdominic-clarisse.pixels.com%2F|title:TEST||&#8221; hover_title_link=&#8221;url:https%3A%2F%2Fwww.dominic-clarisse.pixels.com%2F|title:TESt||&#8221;] Visit my eShop now&#8230; Visitez ma page eCommerce d\u00e8s maintenant&#8230; [\/vc_hoverbox][\/vc_column][\/vc_row][vc_row][vc_column][vc_hoverbox image=&#8221;1154&#8243; primary_title=&#8221;&#8221; primary_title_font_container=&#8221;font_size:5&#8243; hover_title=&#8221;Support My Artwork | Soutenez mon travail&#8221; el_width=&#8221;80&#8243;] Pre-order &#8216;Sirens&#8217; now&#8230; [&hellip;]<\/p>\n","protected":false},"author":1,"featured_media":0,"parent":0,"menu_order":0,"comment_status":"closed","ping_status":"closed","template":"","meta":[],"yoast_head":"<!-- This site is optimized with the Yoast SEO plugin v16.0.2 - https:\/\/yoast.com\/wordpress\/plugins\/seo\/ -->\n<title>Shop -<\/title>\n<link rel=\"canonical\" href=\"https:\/\/www.dominic-c.fr\/index.php\/shop\/\" \/>\n<meta property=\"og:locale\" content=\"en_US\" \/>\n<meta property=\"og:type\" content=\"article\" \/>\n<meta property=\"og:title\" content=\"Shop -\" \/>\n<meta property=\"og:description\" content=\"[vc_row row_type=&#8221;qubackcolorfull&#8221;][vc_column][wr_vc_sliders][wr_vc_slider title=&#8221;SUPPORT MY ARTWORK!&#8221; sub_title=&#8221;Click the box below&#8221; color=&#8221;#000000&#8243; image=&#8221;661&#8243;][\/wr_vc_sliders][\/vc_column][\/vc_row][vc_row wr_section_layout=&#8221;section_grid&#8221; wr_default_pad=&#8221;section-padding&#8221;][vc_column width=&#8221;2\/12&#8243;][\/vc_column][vc_column width=&#8221;8\/12&#8243;][\/vc_column][vc_column width=&#8221;2\/12&#8243;][\/vc_column][\/vc_row][vc_row][vc_column][vc_hoverbox image=&#8221;1152&#8243; primary_title=&#8221;&#8221; primary_title_font_container=&#8221;font_size:5&#8243; hover_title=&#8221;Support My Artwork | Soutenez mon travail&#8221; hover_title_font_container=&#8221;font_size:5&#8243; el_width=&#8221;80&#8243; primary_title_link=&#8221;url:https%3A%2F%2Fdominic-clarisse.pixels.com%2F|title:TEST||&#8221; hover_title_link=&#8221;url:https%3A%2F%2Fwww.dominic-clarisse.pixels.com%2F|title:TESt||&#8221;] Visit my eShop now&#8230; Visitez ma page eCommerce d\u00e8s maintenant&#8230; [\/vc_hoverbox][\/vc_column][\/vc_row][vc_row][vc_column][vc_hoverbox image=&#8221;1154&#8243; primary_title=&#8221;&#8221; primary_title_font_container=&#8221;font_size:5&#8243; hover_title=&#8221;Support My Artwork | Soutenez mon travail&#8221; el_width=&#8221;80&#8243;] Pre-order &#8216;Sirens&#8217; now&#8230; [&hellip;]\" \/>\n<meta property=\"og:url\" content=\"https:\/\/www.dominic-c.fr\/index.php\/shop\/\" \/>\n<meta property=\"article:modified_time\" content=\"2021-03-21T02:57:23+00:00\" \/>\n<meta name=\"twitter:card\" content=\"summary_large_image\" \/>\n<meta name=\"twitter:label1\" content=\"Est. reading time\">\n\t<meta name=\"twitter:data1\" content=\"2 minutes\">\n<script type=\"application\/ld+json\" class=\"yoast-schema-graph\">{\"@context\":\"https:\/\/schema.org\",\"@graph\":[{\"@type\":\"WebSite\",\"@id\":\"https:\/\/www.dominic-c.fr\/#website\",\"url\":\"https:\/\/www.dominic-c.fr\/\",\"name\":\"\",\"description\":\"Fine Art Photography\",\"potentialAction\":[{\"@type\":\"SearchAction\",\"target\":\"https:\/\/www.dominic-c.fr\/?s={search_term_string}\",\"query-input\":\"required name=search_term_string\"}],\"inLanguage\":\"en-US\"},{\"@type\":\"WebPage\",\"@id\":\"https:\/\/www.dominic-c.fr\/index.php\/shop\/#webpage\",\"url\":\"https:\/\/www.dominic-c.fr\/index.php\/shop\/\",\"name\":\"Shop -\",\"isPartOf\":{\"@id\":\"https:\/\/www.dominic-c.fr\/#website\"},\"datePublished\":\"2020-08-23T15:19:11+00:00\",\"dateModified\":\"2021-03-21T02:57:23+00:00\",\"breadcrumb\":{\"@id\":\"https:\/\/www.dominic-c.fr\/index.php\/shop\/#breadcrumb\"},\"inLanguage\":\"en-US\",\"potentialAction\":[{\"@type\":\"ReadAction\",\"target\":[\"https:\/\/www.dominic-c.fr\/index.php\/shop\/\"]}]},{\"@type\":\"BreadcrumbList\",\"@id\":\"https:\/\/www.dominic-c.fr\/index.php\/shop\/#breadcrumb\",\"itemListElement\":[{\"@type\":\"ListItem\",\"position\":1,\"item\":{\"@type\":\"WebPage\",\"@id\":\"https:\/\/www.dominic-c.fr\/\",\"url\":\"https:\/\/www.dominic-c.fr\/\",\"name\":\"Home\"}},{\"@type\":\"ListItem\",\"position\":2,\"item\":{\"@type\":\"WebPage\",\"@id\":\"https:\/\/www.dominic-c.fr\/index.php\/shop\/\",\"url\":\"https:\/\/www.dominic-c.fr\/index.php\/shop\/\",\"name\":\"Shop\"}}]}]}<\/script>\n<!-- \/ Yoast SEO plugin. -->","_links":{"self":[{"href":"https:\/\/www.dominic-c.fr\/index.php\/wp-json\/wp\/v2\/pages\/436"}],"collection":[{"href":"https:\/\/www.dominic-c.fr\/index.php\/wp-json\/wp\/v2\/pages"}],"about":[{"href":"https:\/\/www.dominic-c.fr\/index.php\/wp-json\/wp\/v2\/types\/page"}],"author":[{"embeddable":true,"href":"https:\/\/www.dominic-c.fr\/index.php\/wp-json\/wp\/v2\/users\/1"}],"replies":[{"embeddable":true,"href":"https:\/\/www.dominic-c.fr\/index.php\/wp-json\/wp\/v2\/comments?post=436"}],"version-history":[{"count":70,"href":"https:\/\/www.dominic-c.fr\/index.php\/wp-json\/wp\/v2\/pages\/436\/revisions"}],"predecessor-version":[{"id":1235,"href":"https:\/\/www.dominic-c.fr\/index.php\/wp-json\/wp\/v2\/pages\/436\/revisions\/1235"}],"wp:attachment":[{"href":"https:\/\/www.dominic-c.fr\/index.php\/wp-json\/wp\/v2\/media?parent=436"}],"curies":[{"name":"wp","href":"https:\/\/api.w.org\/{rel}","templated":true}]}}